{"id":103,"date":"2017-05-04T12:01:56","date_gmt":"2017-05-04T12:01:56","guid":{"rendered":"http:\/\/192.168.1.111\/signy\/?page_id=103"},"modified":"2024-03-19T17:43:29","modified_gmt":"2024-03-19T20:43:29","slug":"home-masonry","status":"publish","type":"page","link":"https:\/\/caiopenido.com.br\/?page_id=103","title":{"rendered":"Artigos"},"content":{"rendered":"\n<div class=\"aligncenter wp-block-site-logo\"><a href=\"https:\/\/caiopenido.com.br\/\" class=\"custom-logo-link\" rel=\"home\"><img loading=\"lazy\" decoding=\"async\" width=\"183\" height=\"23\" src=\"https:\/\/caiopenido.com.br\/wp-content\/uploads\/2024\/02\/logo-Caio-Penido-pequeno-preto.png\" class=\"custom-logo\" alt=\"\" \/><\/a><\/div>\n\n\n\n\n<div class=\"wp-block-group is-content-justification-center is-nowrap is-layout-flex wp-container-core-group-layout-1 wp-block-group-is-layout-flex\">\n<div style=\"height:100px;width:3px\" aria-hidden=\"true\" class=\"wp-block-spacer wp-container-content-1\"><\/div>\n\n\n\n<h6 class=\"wp-block-heading\"><a href=\"https:\/\/www.caiopenido.com.br\" title=\"In\u00edcio\"><mark style=\"background-color:rgba(0, 0, 0, 0);color:#2c2c2c\" class=\"has-inline-color\">In\u00edcio<\/mark><\/a><\/h6>\n\n\n\n<div style=\"height:100px;width:3px\" aria-hidden=\"true\" class=\"wp-block-spacer wp-container-content-2\"><\/div>\n\n\n\n<h6 class=\"wp-block-heading\"><a href=\"https:\/\/caiopenido.com.br\/?page_id=75\" title=\"Contato\"><mark style=\"background-color:rgba(0, 0, 0, 0);color:#2c2c2c\" class=\"has-inline-color\">Contato<\/mark><\/a><\/h6>\n\n\n\n<div style=\"height:100px;width:3px\" aria-hidden=\"true\" class=\"wp-block-spacer wp-container-content-3\"><\/div>\n\n\n\n<h6 class=\"wp-block-heading\"><a href=\"https:\/\/caiopenido.com.br\/?page_id=7\" title=\"Imprensa\"><mark style=\"background-color:rgba(0, 0, 0, 0);color:#2c2c2c\" class=\"has-inline-color\">Imprensa<\/mark><\/a><\/h6>\n\n\n\n<div class=\"wp-block-buttons is-content-justification-center is-layout-flex wp-container-core-buttons-layout-1 wp-block-buttons-is-layout-flex\"><\/div>\n<\/div>\n\n\n\n<div class=\"sgny-fix  sgny-masonary-content-warp \"><div class=\"sgny-fix  sgny-masonary-post-warp\">\r\n<div class=\"sgny-fix sgny-masonary-single-post-item\">\r\n  <div class=\"sgny-masonary-single-post\">\r\n    <article id=\"sgny-post-479\" class=\"sgny-single-post  post-479 post type-post status-publish format-standard hentry category-artigo\">\r\n\r\n      <div class=\"sgny-post-media\">\r\n      <a class=\"text-uppercase sgny-pin-btn\" href=\"\"><span>PIN<\/span><\/a>\r\n        <a href=\"https:\/\/caiopenido.com.br\/?p=479\"><\/a>\r\n      <\/div>\r\n\r\n          <div class=\"text-center sgny-post-header sgny-masonary-post-header\">\r\n        <div class=\"text-uppercase  sgny-post-meta  sgny-masonary-post-meta\">\r\n                      <span class=\"sgny-post-date\">\r\n              4 de janeiro de 2023            <\/span>\r\n                      <span class=\"sgny-post-in\">\r\n              <ul class=\"post-categories\">\n\t<li><a href=\"https:\/\/caiopenido.com.br\/?cat=1\" rel=\"category\">Artigo<\/a><\/li><\/ul>            <\/span>\r\n                  <\/div>\r\n        <h2 class=\"sgny-post-title sgny-masonary-post-title\">\r\n          <a href=\"https:\/\/caiopenido.com.br\/?p=479\">Porque o Passaporte Verde \u00e9 bom para a pecu\u00e1ria<\/a>\r\n        <\/h2>\r\n\r\n      <\/div>\r\n      <div class=\"sgny-entry-content sgny-masonary-entry-content\">\r\n        <p>ou presidente do IMAC (Instituto Mato-grossense da Carne) e nele desenvolvemos a\u00e7\u00f5es em Mato Grosso. Como apoio \u00e0 regulariza\u00e7\u00e3o ambiental,[&#8230;]<\/p>\r\n      <\/div>\r\n\r\n      <div class=\"sgny-post-footer\">\r\n        <div class=\"text-center sgny-readmore-btn-warp   sgny-readmore-masonary-btn-warp\">\r\n          <a href=\"https:\/\/caiopenido.com.br\/?p=479\" class=\"sgny-readmore-btn\">\r\n            Ler o artigo          <\/a>\r\n        <\/div>\r\n      <\/div>\r\n    <\/article>\r\n  <\/div>\r\n<\/div>\r\n\r\n\r\n<div class=\"sgny-fix sgny-masonary-single-post-item\">\r\n  <div class=\"sgny-masonary-single-post\">\r\n    <article id=\"sgny-post-38\" class=\"sgny-single-post format-aside-masonary post-38 post type-post status-publish format-aside hentry category-artigo post_format-post-format-aside\">\r\n\r\n      <div class=\"sgny-post-media\">\r\n      <a class=\"text-uppercase sgny-pin-btn\" href=\"\"><span>PIN<\/span><\/a>\r\n        <a href=\"https:\/\/caiopenido.com.br\/?p=38\"><\/a>\r\n      <\/div>\r\n\r\n          <div class=\"text-center sgny-post-header sgny-masonary-post-header\">\r\n        <div class=\"text-uppercase  sgny-post-meta  sgny-masonary-post-meta\">\r\n                      <span class=\"sgny-post-date\">\r\n              24 de maio de 2019            <\/span>\r\n                      <span class=\"sgny-post-in\">\r\n              <ul class=\"post-categories\">\n\t<li><a href=\"https:\/\/caiopenido.com.br\/?cat=1\" rel=\"category\">Artigo<\/a><\/li><\/ul>            <\/span>\r\n                  <\/div>\r\n        <h2 class=\"sgny-post-title sgny-masonary-post-title\">\r\n          <a href=\"https:\/\/caiopenido.com.br\/?p=38\">Quem deve pagar a conta da conserva\u00e7\u00e3o?<\/a>\r\n        <\/h2>\r\n\r\n      <\/div>\r\n      <div class=\"sgny-entry-content sgny-masonary-entry-content\">\r\n        <p>Brasil pode produzir mais, melhorando o balan\u00e7o de carbono, remunerando melhor quem produz com sustentabilidade e conservando seus biomas por[&#8230;]<\/p>\r\n      <\/div>\r\n\r\n      <div class=\"sgny-post-footer\">\r\n        <div class=\"text-center sgny-readmore-btn-warp   sgny-readmore-masonary-btn-warp\">\r\n          <a href=\"https:\/\/caiopenido.com.br\/?p=38\" class=\"sgny-readmore-btn\">\r\n            Ler o artigo          <\/a>\r\n        <\/div>\r\n      <\/div>\r\n    <\/article>\r\n  <\/div>\r\n<\/div>\r\n\r\n\r\n<div class=\"sgny-fix sgny-masonary-single-post-item\">\r\n  <div class=\"sgny-masonary-single-post\">\r\n\r\n    <article id=\"sgny-post-33\" class=\"sgny-single-post post-33 post type-post status-publish format-gallery hentry category-artigo post_format-post-format-gallery\">\r\n      <div class=\"sgny-post-media\">\r\n        <a href=\"https:\/\/caiopenido.com.br\/?p=33\"><\/a>\r\n      <\/div>\r\n\r\n          <div class=\"text-center sgny-post-header sgny-masonary-post-header\">\r\n        <div class=\"text-uppercase  sgny-post-meta  sgny-masonary-post-meta\">\r\n                      <span class=\"sgny-post-date\">\r\n              24 de maio de 2019            <\/span>\r\n                      <span class=\"sgny-post-in\">\r\n              <ul class=\"post-categories\">\n\t<li><a href=\"https:\/\/caiopenido.com.br\/?cat=1\" rel=\"category\">Artigo<\/a><\/li><\/ul>            <\/span>\r\n                  <\/div>\r\n        <h2 class=\"sgny-post-title sgny-masonary-post-title\">\r\n          <a href=\"https:\/\/caiopenido.com.br\/?p=33\">China: casamento, namoro ou amizade?<\/a>\r\n        <\/h2>\r\n\r\n      <\/div>\r\n      <div class=\"sgny-entry-content sgny-masonary-entry-content\">\r\n        <p>stive em visita recente organizada pelo IMAC (Instituto Mato-Grossense da Carne) a Shangai, acompanhando parte da agenda da delega\u00e7\u00e3o do[&#8230;]<\/p>\r\n      <\/div>\r\n\r\n      <div class=\"sgny-post-footer\">\r\n        <div class=\"text-center sgny-readmore-btn-warp   sgny-readmore-masonary-btn-warp\">\r\n          <a href=\"https:\/\/caiopenido.com.br\/?p=33\" class=\"sgny-readmore-btn\">\r\n            Ler o artigo          <\/a>\r\n        <\/div>\r\n      <\/div>\r\n    <\/article>\r\n  <\/div>\r\n<\/div>\r\n\r\n\r\n<div class=\"sgny-fix sgny-masonary-single-post-item\">\r\n  <div class=\"sgny-masonary-single-post\">\r\n    <article id=\"sgny-post-41\" class=\"sgny-single-post  post-41 post type-post status-publish format-standard hentry category-artigo\">\r\n\r\n      <div class=\"sgny-post-media\">\r\n      <a class=\"text-uppercase sgny-pin-btn\" href=\"\"><span>PIN<\/span><\/a>\r\n        <a href=\"https:\/\/caiopenido.com.br\/?p=41\"><\/a>\r\n      <\/div>\r\n\r\n          <div class=\"text-center sgny-post-header sgny-masonary-post-header\">\r\n        <div class=\"text-uppercase  sgny-post-meta  sgny-masonary-post-meta\">\r\n                      <span class=\"sgny-post-date\">\r\n              30 de outubro de 2018            <\/span>\r\n                      <span class=\"sgny-post-in\">\r\n              <ul class=\"post-categories\">\n\t<li><a href=\"https:\/\/caiopenido.com.br\/?cat=1\" rel=\"category\">Artigo<\/a><\/li><\/ul>            <\/span>\r\n                  <\/div>\r\n        <h2 class=\"sgny-post-title sgny-masonary-post-title\">\r\n          <a href=\"https:\/\/caiopenido.com.br\/?p=41\">Justi\u00e7a ao Brasil, Pot\u00eancia Agroambiental<\/a>\r\n        <\/h2>\r\n\r\n      <\/div>\r\n      <div class=\"sgny-entry-content sgny-masonary-entry-content\">\r\n        <p>omo Presidente do GTPS, o Grupo de Trabalho da Pecu\u00e1ria Sustent\u00e1vel, estive participando recentemente na Irlanda da\u00a0GRSB, Global Roundtable for[&#8230;]<\/p>\r\n      <\/div>\r\n\r\n      <div class=\"sgny-post-footer\">\r\n        <div class=\"text-center sgny-readmore-btn-warp   sgny-readmore-masonary-btn-warp\">\r\n          <a href=\"https:\/\/caiopenido.com.br\/?p=41\" class=\"sgny-readmore-btn\">\r\n            Ler o artigo          <\/a>\r\n        <\/div>\r\n      <\/div>\r\n    <\/article>\r\n  <\/div>\r\n<\/div>\r\n\r\n\r\n<div class=\"sgny-fix sgny-masonary-single-post-item\">\r\n  <div class=\"sgny-masonary-single-post\">\r\n    <article id=\"sgny-post-54\" class=\"sgny-single-post  post-54 post type-post status-publish format-standard hentry category-artigo\">\r\n\r\n      <div class=\"sgny-post-media\">\r\n      <a class=\"text-uppercase sgny-pin-btn\" href=\"\"><span>PIN<\/span><\/a>\r\n        <a href=\"https:\/\/caiopenido.com.br\/?p=54\"><\/a>\r\n      <\/div>\r\n\r\n          <div class=\"text-center sgny-post-header sgny-masonary-post-header\">\r\n        <div class=\"text-uppercase  sgny-post-meta  sgny-masonary-post-meta\">\r\n                      <span class=\"sgny-post-date\">\r\n              20 de setembro de 2018            <\/span>\r\n                      <span class=\"sgny-post-in\">\r\n              <ul class=\"post-categories\">\n\t<li><a href=\"https:\/\/caiopenido.com.br\/?cat=1\" rel=\"category\">Artigo<\/a><\/li><\/ul>            <\/span>\r\n                  <\/div>\r\n        <h2 class=\"sgny-post-title sgny-masonary-post-title\">\r\n          <a href=\"https:\/\/caiopenido.com.br\/?p=54\">Brasil, o salvador do mundo<\/a>\r\n        <\/h2>\r\n\r\n      <\/div>\r\n      <div class=\"sgny-entry-content sgny-masonary-entry-content\">\r\n        <p>ualquer produtor rural em atividade hoje sabe que o Brasil possui uma das mais complexas e rigorosas leis ambientais do[&#8230;]<\/p>\r\n      <\/div>\r\n\r\n      <div class=\"sgny-post-footer\">\r\n        <div class=\"text-center sgny-readmore-btn-warp   sgny-readmore-masonary-btn-warp\">\r\n          <a href=\"https:\/\/caiopenido.com.br\/?p=54\" class=\"sgny-readmore-btn\">\r\n            Ler o artigo          <\/a>\r\n        <\/div>\r\n      <\/div>\r\n    <\/article>\r\n  <\/div>\r\n<\/div>\r\n\r\n\r\n<div class=\"sgny-fix sgny-masonary-single-post-item\">\r\n  <div class=\"sgny-masonary-single-post\">\r\n\r\n    <article id=\"sgny-post_5\" class=\"sgny-single-post  format-video  post_format-post-format-video\">\r\n      <div class=\"sgny-post-media\">\r\n        <div class=\"sgny-video_contant\">\r\n                  <\/div>\r\n      <\/div>\r\n\r\n          <div class=\"text-center sgny-post-header sgny-masonary-post-header\">\r\n        <div class=\"text-uppercase  sgny-post-meta  sgny-masonary-post-meta\">\r\n                      <span class=\"sgny-post-date\">\r\n              6 de agosto de 2018            <\/span>\r\n                      <span class=\"sgny-post-in\">\r\n              <ul class=\"post-categories\">\n\t<li><a href=\"https:\/\/caiopenido.com.br\/?cat=1\" rel=\"category\">Artigo<\/a><\/li><\/ul>            <\/span>\r\n                  <\/div>\r\n        <h2 class=\"sgny-post-title sgny-masonary-post-title\">\r\n          <a href=\"https:\/\/caiopenido.com.br\/?p=29\">Quem N\u00e3o Faz Recebe Feito<\/a>\r\n        <\/h2>\r\n\r\n      <\/div>\r\n      <div class=\"sgny-entry-content sgny-masonary-entry-content\">\r\n        <p>poss\u00edvel produzir mais alimentos garantindo simultaneamente alimenta\u00e7\u00e3o para as gera\u00e7\u00f5es futuras, menor emiss\u00f5es de gazes de efeito estufa, contribuir para[&#8230;]<\/p>\r\n      <\/div>\r\n\r\n      <div class=\"sgny-post-footer\">\r\n        <div class=\"text-center sgny-readmore-btn-warp   sgny-readmore-masonary-btn-warp\">\r\n          <a href=\"https:\/\/caiopenido.com.br\/?p=29\" class=\"sgny-readmore-btn\">\r\n            Ler o artigo          <\/a>\r\n        <\/div>\r\n      <\/div>\r\n    <\/article>\r\n  <\/div>\r\n<\/div>\r\n\r\n\r\n<div class=\"sgny-fix sgny-masonary-single-post-item\">\r\n  <div class=\"sgny-masonary-single-post\">\r\n    <article id=\"sgny-post-44\" class=\"sgny-single-post  post-44 post type-post status-publish format-standard hentry category-artigo\">\r\n\r\n      <div class=\"sgny-post-media\">\r\n      <a class=\"text-uppercase sgny-pin-btn\" href=\"\"><span>PIN<\/span><\/a>\r\n        <a href=\"https:\/\/caiopenido.com.br\/?p=44\"><\/a>\r\n      <\/div>\r\n\r\n          <div class=\"text-center sgny-post-header sgny-masonary-post-header\">\r\n        <div class=\"text-uppercase  sgny-post-meta  sgny-masonary-post-meta\">\r\n                      <span class=\"sgny-post-date\">\r\n              28 de julho de 2018            <\/span>\r\n                      <span class=\"sgny-post-in\">\r\n              <ul class=\"post-categories\">\n\t<li><a href=\"https:\/\/caiopenido.com.br\/?cat=1\" rel=\"category\">Artigo<\/a><\/li><\/ul>            <\/span>\r\n                  <\/div>\r\n        <h2 class=\"sgny-post-title sgny-masonary-post-title\">\r\n          <a href=\"https:\/\/caiopenido.com.br\/?p=44\">A On\u00e7a na Fazenda Precisa Ser Pop<\/a>\r\n        <\/h2>\r\n\r\n      <\/div>\r\n      <div class=\"sgny-entry-content sgny-masonary-entry-content\">\r\n        <p>*Com Leandro Silveira, do IOP o visitar o\u00a0Instituto On\u00e7a Pintada\u00a0(IOP), em Mineiros (MS), imaginei que iria visitar o Parque das[&#8230;]<\/p>\r\n      <\/div>\r\n\r\n      <div class=\"sgny-post-footer\">\r\n        <div class=\"text-center sgny-readmore-btn-warp   sgny-readmore-masonary-btn-warp\">\r\n          <a href=\"https:\/\/caiopenido.com.br\/?p=44\" class=\"sgny-readmore-btn\">\r\n            Ler o artigo          <\/a>\r\n        <\/div>\r\n      <\/div>\r\n    <\/article>\r\n  <\/div>\r\n<\/div>\r\n\r\n\r\n<div class=\"sgny-fix sgny-masonary-single-post-item\">\r\n  <div class=\"sgny-masonary-single-post\">\r\n    <article id=\"sgny-post-778\" class=\"sgny-single-post format-aside-masonary post-778 post type-post status-publish format-aside hentry category-artigo post_format-post-format-aside\">\r\n\r\n      <div class=\"sgny-post-media\">\r\n      <a class=\"text-uppercase sgny-pin-btn\" href=\"\"><span>PIN<\/span><\/a>\r\n        <a href=\"https:\/\/caiopenido.com.br\/?p=778\"><\/a>\r\n      <\/div>\r\n\r\n          <div class=\"text-center sgny-post-header sgny-masonary-post-header\">\r\n        <div class=\"text-uppercase  sgny-post-meta  sgny-masonary-post-meta\">\r\n                      <span class=\"sgny-post-date\">\r\n              15 de mar\u00e7o de 2018            <\/span>\r\n                      <span class=\"sgny-post-in\">\r\n              <ul class=\"post-categories\">\n\t<li><a href=\"https:\/\/caiopenido.com.br\/?cat=1\" rel=\"category\">Artigo<\/a><\/li><\/ul>            <\/span>\r\n                  <\/div>\r\n        <h2 class=\"sgny-post-title sgny-masonary-post-title\">\r\n          <a href=\"https:\/\/caiopenido.com.br\/?p=778\">Um novo desafio para os ambientalistas<\/a>\r\n        <\/h2>\r\n\r\n      <\/div>\r\n      <div class=\"sgny-entry-content sgny-masonary-entry-content\">\r\n        <p>\u00a0movimento ambientalista teve e continua tendo um papel importante na constru\u00e7\u00e3o da consci\u00eancia socioambiental da sociedade brasileira. Contribui assim para[&#8230;]<\/p>\r\n      <\/div>\r\n\r\n      <div class=\"sgny-post-footer\">\r\n        <div class=\"text-center sgny-readmore-btn-warp   sgny-readmore-masonary-btn-warp\">\r\n          <a href=\"https:\/\/caiopenido.com.br\/?p=778\" class=\"sgny-readmore-btn\">\r\n            Ler o artigo          <\/a>\r\n        <\/div>\r\n      <\/div>\r\n    <\/article>\r\n  <\/div>\r\n<\/div>\r\n\r\n<\/div><\/div>    <div class=\"blog-pagi\">\r\n   <div class='wp-pagenavi' role='navigation'>\n<span class='pages'>P\u00e1gina 1 de 2<\/span><span aria-current='page' class='current'>1<\/span><a class=\"page larger\" title=\"P\u00e1gina 2\" href=\"https:\/\/caiopenido.com.br\/index.php?rest_route=%2Fwp%2Fv2%2Fpages%2F103&#038;paged=2\">2<\/a><a class=\"nextpostslink\" rel=\"next\" aria-label=\"Pr\u00f3xima p\u00e1gina\" href=\"https:\/\/caiopenido.com.br\/index.php?rest_route=%2Fwp%2Fv2%2Fpages%2F103&#038;paged=2\">&raquo;<\/a>\n<\/div>    <\/div>\r\n  \n","protected":false},"excerpt":{"rendered":"","protected":false},"author":1,"featured_media":0,"parent":0,"menu_order":0,"comment_status":"closed","ping_status":"closed","template":"","meta":{"om_disable_all_campaigns":false,"_monsterinsights_skip_tracking":false,"_monsterinsights_sitenote_active":false,"_monsterinsights_sitenote_note":"","_monsterinsights_sitenote_category":0,"footnotes":""},"aioseo_notices":[],"_links":{"self":[{"href":"https:\/\/caiopenido.com.br\/index.php?rest_route=\/wp\/v2\/pages\/103"}],"collection":[{"href":"https:\/\/caiopenido.com.br\/index.php?rest_route=\/wp\/v2\/pages"}],"about":[{"href":"https:\/\/caiopenido.com.br\/index.php?rest_route=\/wp\/v2\/types\/page"}],"author":[{"embeddable":true,"href":"https:\/\/caiopenido.com.br\/index.php?rest_route=\/wp\/v2\/users\/1"}],"replies":[{"embeddable":true,"href":"https:\/\/caiopenido.com.br\/index.php?rest_route=%2Fwp%2Fv2%2Fcomments&post=103"}],"version-history":[{"count":12,"href":"https:\/\/caiopenido.com.br\/index.php?rest_route=\/wp\/v2\/pages\/103\/revisions"}],"predecessor-version":[{"id":770,"href":"https:\/\/caiopenido.com.br\/index.php?rest_route=\/wp\/v2\/pages\/103\/revisions\/770"}],"wp:attachment":[{"href":"https:\/\/caiopenido.com.br\/index.php?rest_route=%2Fwp%2Fv2%2Fmedia&parent=103"}],"curies":[{"name":"wp","href":"https:\/\/api.w.org\/{rel}","templated":true}]}}