{"id":63,"date":"2017-05-04T08:57:00","date_gmt":"2017-05-04T08:57:00","guid":{"rendered":"http:\/\/192.168.1.111\/signy\/?page_id=63"},"modified":"2026-04-06T08:21:52","modified_gmt":"2026-04-06T11:21:52","slug":"about-us","status":"publish","type":"page","link":"https:\/\/caiopenido.com.br\/","title":{"rendered":"In\u00edcio"},"content":{"rendered":"\n<div class=\"wp-block-group is-content-justification-center is-nowrap is-layout-flex wp-container-core-group-layout-1 wp-block-group-is-layout-flex\">\n<div style=\"height:100px;width:3px\" aria-hidden=\"true\" class=\"wp-block-spacer wp-container-content-1\"><\/div>\n\n\n\n<h6 class=\"wp-block-heading\"><a href=\"https:\/\/www.caiopenido.com.br\/?page_id=103\" title=\"Artigos\"><mark style=\"background-color:rgba(0, 0, 0, 0);color:#2c2c2c\" class=\"has-inline-color\">Artigos<\/mark><\/a><\/h6>\n\n\n\n<div style=\"height:100px;width:3px\" aria-hidden=\"true\" class=\"wp-block-spacer wp-container-content-2\"><\/div>\n\n\n\n<h6 class=\"wp-block-heading\"><a href=\"https:\/\/caiopenido.com.br\/?page_id=75\" title=\"Contato\"><mark style=\"background-color:rgba(0, 0, 0, 0);color:#2c2c2c\" class=\"has-inline-color\">Contato<\/mark><\/a><\/h6>\n\n\n\n<div style=\"height:100px;width:3px\" aria-hidden=\"true\" class=\"wp-block-spacer wp-container-content-3\"><\/div>\n\n\n\n<h6 class=\"wp-block-heading\"><a href=\"https:\/\/caiopenido.com.br\/?page_id=7\" title=\"Imprensa\"><mark style=\"background-color:rgba(0, 0, 0, 0);color:#2c2c2c\" class=\"has-inline-color\">Imprensa<\/mark><\/a><\/h6>\n\n\n\n<div class=\"wp-block-buttons is-content-justification-center is-layout-flex wp-container-core-buttons-layout-1 wp-block-buttons-is-layout-flex\"><\/div>\n<\/div>\n\n\n<div class=\"aligncenter wp-block-site-logo\"><a href=\"https:\/\/caiopenido.com.br\/\" class=\"custom-logo-link\" rel=\"home\"><img loading=\"lazy\" decoding=\"async\" width=\"183\" height=\"23\" src=\"https:\/\/caiopenido.com.br\/wp-content\/uploads\/2024\/02\/logo-Caio-Penido-pequeno-preto.png\" class=\"custom-logo\" alt=\"\" \/><\/a><\/div>\n\n\n<div style=\"height:30px\" aria-hidden=\"true\" class=\"wp-block-spacer\"><\/div>\n\n\n<p><p class=\" sgny-big-letter-6a04b1594ba4f sgny-big-letter \">F<\/p>ormado em comunica\u00e7\u00e3o social, com extensa atua\u00e7\u00e3o como executivo nos setores de comunica\u00e7\u00e3o e agroneg\u00f3cio, Caio Penido tamb\u00e9m tem forte presen\u00e7a institucional na \u00e1rea de sustentabilidade, sendo hoje o presidente do <a href=\"https:\/\/imac.agr.br\/\" target=\"_blank\" rel=\"noreferrer noopener\"><strong>Instituto Mato-grossense da Carne (Imac)<\/strong><\/a>, al\u00e9m de membro fundador do movimento <a href=\"https:\/\/ligadoaraguaia.com.br\/\"><strong>Liga do Araguaia\u00a0<\/strong><\/a>(Instituto AgroAmbiental Araguaia) e de ter sido presidente do GTPS(mesa brasileira da pecu\u00e1ria sustent\u00e1vel). Como empresario faz parte do conselho administrativo da Fazenda Pioneira, Joint Venturi entre a <a href=\"https:\/\/agropenido.com.br\/\"><strong>Agro Penido<\/strong><\/a> e a SLC agr\u00edcola e Presidente do <a href=\"http:\/\/www.gruposou.agr.br\"><strong>Grupo Sou<\/strong><\/a>, controlador das Fazendas \u00c1gua Viva e Darro, al\u00e9m da marca de carne <strong><a href=\"https:\/\/www.soubeef.com.br\/\">Soubeef<\/a><\/strong> e da produtora audiovisual <strong><a href=\"https:\/\/encruzilhadafilmes.com.br\/\">Encruzilhada Filmes<\/a><\/strong>. Autor de diversos artigos, Caio foi por duas vezes escolhido como uma das 100 personalidades mais influentes do agroneg\u00f3cio brasileiro (Dinheiro Rural).<\/p>","protected":false},"excerpt":{"rendered":"Artigos Contato Imprensa ormado em comunica\u00e7\u00e3o social, com extensa atua\u00e7\u00e3o como executivo nos setores de comunica\u00e7\u00e3o e agroneg\u00f3cio, Caio Penido tamb\u00e9m tem forte presen\u00e7a institucional na \u00e1rea de sustentabilidade, sendo hoje o presidente do Instituto Mato-grossense da Carne (Imac), al\u00e9m de membro fundador do movimento Liga do Araguaia\u00a0(Instituto AgroAmbiental Araguaia) e de ter sido presidente[&#8230;]","protected":false},"author":1,"featured_media":0,"parent":0,"menu_order":0,"comment_status":"closed","ping_status":"closed","template":"","meta":{"om_disable_all_campaigns":false,"_monsterinsights_skip_tracking":false,"_monsterinsights_sitenote_active":false,"_monsterinsights_sitenote_note":"","_monsterinsights_sitenote_category":0,"footnotes":""},"aioseo_notices":[],"_links":{"self":[{"href":"https:\/\/caiopenido.com.br\/index.php?rest_route=\/wp\/v2\/pages\/63"}],"collection":[{"href":"https:\/\/caiopenido.com.br\/index.php?rest_route=\/wp\/v2\/pages"}],"about":[{"href":"https:\/\/caiopenido.com.br\/index.php?rest_route=\/wp\/v2\/types\/page"}],"author":[{"embeddable":true,"href":"https:\/\/caiopenido.com.br\/index.php?rest_route=\/wp\/v2\/users\/1"}],"replies":[{"embeddable":true,"href":"https:\/\/caiopenido.com.br\/index.php?rest_route=%2Fwp%2Fv2%2Fcomments&post=63"}],"version-history":[{"count":42,"href":"https:\/\/caiopenido.com.br\/index.php?rest_route=\/wp\/v2\/pages\/63\/revisions"}],"predecessor-version":[{"id":797,"href":"https:\/\/caiopenido.com.br\/index.php?rest_route=\/wp\/v2\/pages\/63\/revisions\/797"}],"wp:attachment":[{"href":"https:\/\/caiopenido.com.br\/index.php?rest_route=%2Fwp%2Fv2%2Fmedia&parent=63"}],"curies":[{"name":"wp","href":"https:\/\/api.w.org\/{rel}","templated":true}]}}